{"id":13,"date":"2026-03-16T12:52:07","date_gmt":"2026-03-16T12:52:07","guid":{"rendered":"https:\/\/nostalgic-torvalds.217-160-227-206.plesk.page\/?page_id=13"},"modified":"2026-05-07T14:49:22","modified_gmt":"2026-05-07T14:49:22","slug":"inici","status":"publish","type":"page","link":"https:\/\/nostalgic-torvalds.217-160-227-206.plesk.page\/","title":{"rendered":"Inici"},"content":{"rendered":"\t\t<div data-elementor-type=\"wp-page\" data-elementor-id=\"13\" class=\"elementor elementor-13\" data-elementor-post-type=\"page\">\n\t\t\t\t<div class=\"elementor-element elementor-element-87315ed e-con-full e-flex e-con e-parent\" data-id=\"87315ed\" data-element_type=\"container\" data-e-type=\"container\" data-settings=\"{&quot;background_background&quot;:&quot;gradient&quot;}\">\n\t\t<div class=\"elementor-element elementor-element-3ded031 e-con-full e-flex e-con e-child\" data-id=\"3ded031\" data-element_type=\"container\" data-e-type=\"container\" data-settings=\"{&quot;background_background&quot;:&quot;classic&quot;}\">\n\t\t\t\t<div class=\"elementor-element elementor-element-57ed6a9 elementor-widget elementor-widget-heading\" data-id=\"57ed6a9\" data-element_type=\"widget\" data-e-type=\"widget\" data-widget_type=\"heading.default\">\n\t\t\t\t\t<h2 class=\"elementor-heading-title elementor-size-default\">Protecci\u00f3 de dades<br>per a empreses <br>i professionals<\/h2>\t\t\t\t<\/div>\n\t\t\t\t<div class=\"elementor-element elementor-element-13b1b19 elementor-widget elementor-widget-spacer\" data-id=\"13b1b19\" data-element_type=\"widget\" data-e-type=\"widget\" data-widget_type=\"spacer.default\">\n\t\t\t\t\t\t\t<div class=\"elementor-spacer\">\n\t\t\t<div class=\"elementor-spacer-inner\"><\/div>\n\t\t<\/div>\n\t\t\t\t\t\t<\/div>\n\t\t\t\t<div class=\"elementor-element elementor-element-d6a9b64 elementor-widget elementor-widget-heading\" data-id=\"d6a9b64\" data-element_type=\"widget\" data-e-type=\"widget\" data-widget_type=\"heading.default\">\n\t\t\t\t\t<h2 class=\"elementor-heading-title elementor-size-default\">Compliment del RGPD i de la<br>LOPDGDD de manera clara,<br>pr\u00e0ctica i adaptada a cada negoci.<\/h2>\t\t\t\t<\/div>\n\t\t\t\t<div class=\"elementor-element elementor-element-c2cd9aa elementor-widget elementor-widget-spacer\" data-id=\"c2cd9aa\" data-element_type=\"widget\" data-e-type=\"widget\" data-widget_type=\"spacer.default\">\n\t\t\t\t\t\t\t<div class=\"elementor-spacer\">\n\t\t\t<div class=\"elementor-spacer-inner\"><\/div>\n\t\t<\/div>\n\t\t\t\t\t\t<\/div>\n\t\t\t\t<div class=\"elementor-element elementor-element-735bebc elementor-widget__width-auto elementor-widget elementor-widget-button\" data-id=\"735bebc\" data-element_type=\"widget\" data-e-type=\"widget\" data-widget_type=\"button.default\">\n\t\t\t\t\t\t\t\t\t\t<a class=\"elementor-button elementor-button-link elementor-size-sm\" href=\"#\">\n\t\t\t\t\t\t<span class=\"elementor-button-content-wrapper\">\n\t\t\t\t\t\t\t\t\t<span class=\"elementor-button-text\">CONTACTE<\/span>\n\t\t\t\t\t<\/span>\n\t\t\t\t\t<\/a>\n\t\t\t\t\t\t\t\t<\/div>\n\t\t\t\t<div class=\"elementor-element elementor-element-88c85eb elementor-widget elementor-widget-spacer\" data-id=\"88c85eb\" data-element_type=\"widget\" data-e-type=\"widget\" data-widget_type=\"spacer.default\">\n\t\t\t\t\t\t\t<div class=\"elementor-spacer\">\n\t\t\t<div class=\"elementor-spacer-inner\"><\/div>\n\t\t<\/div>\n\t\t\t\t\t\t<\/div>\n\t\t\t\t<\/div>\n\t\t<div class=\"elementor-element elementor-element-3f5e64d e-con-full e-flex e-con e-child\" data-id=\"3f5e64d\" data-element_type=\"container\" data-e-type=\"container\">\n\t\t\t\t<div class=\"elementor-element elementor-element-bfcfd28 elementor-widget elementor-widget-image\" data-id=\"bfcfd28\" data-element_type=\"widget\" data-e-type=\"widget\" data-settings=\"{&quot;motion_fx_motion_fx_scrolling&quot;:&quot;yes&quot;,&quot;motion_fx_translateY_effect&quot;:&quot;yes&quot;,&quot;motion_fx_translateY_direction&quot;:&quot;negative&quot;,&quot;motion_fx_translateY_speed&quot;:{&quot;unit&quot;:&quot;px&quot;,&quot;size&quot;:1.5,&quot;sizes&quot;:[]},&quot;motion_fx_translateY_affectedRange&quot;:{&quot;unit&quot;:&quot;%&quot;,&quot;size&quot;:&quot;&quot;,&quot;sizes&quot;:{&quot;start&quot;:0,&quot;end&quot;:100}},&quot;motion_fx_devices&quot;:[&quot;desktop&quot;,&quot;tablet&quot;,&quot;mobile&quot;]}\" data-widget_type=\"image.default\">\n\t\t\t\t\t\t\t\t\t\t\t\t\t\t\t<img fetchpriority=\"high\" decoding=\"async\" width=\"1703\" height=\"2127\" src=\"https:\/\/nostalgic-torvalds.217-160-227-206.plesk.page\/wp-content\/uploads\/2026\/03\/candau_2.png\" class=\"attachment-full size-full wp-image-319\" alt=\"\" srcset=\"https:\/\/nostalgic-torvalds.217-160-227-206.plesk.page\/wp-content\/uploads\/2026\/03\/candau_2.png 1703w, https:\/\/nostalgic-torvalds.217-160-227-206.plesk.page\/wp-content\/uploads\/2026\/03\/candau_2-240x300.png 240w, https:\/\/nostalgic-torvalds.217-160-227-206.plesk.page\/wp-content\/uploads\/2026\/03\/candau_2-820x1024.png 820w, https:\/\/nostalgic-torvalds.217-160-227-206.plesk.page\/wp-content\/uploads\/2026\/03\/candau_2-768x959.png 768w, https:\/\/nostalgic-torvalds.217-160-227-206.plesk.page\/wp-content\/uploads\/2026\/03\/candau_2-1230x1536.png 1230w, https:\/\/nostalgic-torvalds.217-160-227-206.plesk.page\/wp-content\/uploads\/2026\/03\/candau_2-1640x2048.png 1640w\" sizes=\"(max-width: 1703px) 100vw, 1703px\" \/>\t\t\t\t\t\t\t\t\t\t\t\t\t\t\t<\/div>\n\t\t\t\t<\/div>\n\t\t\t\t<\/div>\n\t\t<div class=\"elementor-element elementor-element-6c2cb00 e-flex e-con-boxed e-con e-parent\" data-id=\"6c2cb00\" data-element_type=\"container\" data-e-type=\"container\">\n\t\t\t\t\t<div class=\"e-con-inner\">\n\t\t<div class=\"elementor-element elementor-element-e54dd12 e-con-full e-flex e-con e-child\" data-id=\"e54dd12\" data-element_type=\"container\" data-e-type=\"container\">\n\t\t\t\t<div class=\"elementor-element elementor-element-7d64234 elementor-widget elementor-widget-text-editor\" data-id=\"7d64234\" data-element_type=\"widget\" data-e-type=\"widget\" data-widget_type=\"text-editor.default\">\n\t\t\t\t\t\t\t\t\tAjudem empreses, aut\u00f2noms i organitzacions a complir la <span style=\"color: #4b4b4b;\">normativa de protecci\u00f3 de dades,<\/span> reduint riscos legals i garantint una gesti\u00f3 <span style=\"color: #4b4b4b;\">segura i responsable<\/span> de les dades personals.\t\t\t\t\t\t\t\t<\/div>\n\t\t\t\t<\/div>\n\t\t\t\t\t<\/div>\n\t\t\t\t<\/div>\n\t\t<div class=\"elementor-element elementor-element-d9e3a9e e-flex e-con-boxed e-con e-parent\" data-id=\"d9e3a9e\" data-element_type=\"container\" data-e-type=\"container\">\n\t\t\t\t\t<div class=\"e-con-inner\">\n\t\t<div class=\"elementor-element elementor-element-810b67b e-con-full e-flex e-con e-child\" data-id=\"810b67b\" data-element_type=\"container\" data-e-type=\"container\">\n\t\t\t\t<div class=\"elementor-element elementor-element-cf53492 elementor-widget elementor-widget-text-editor\" data-id=\"cf53492\" data-element_type=\"widget\" data-e-type=\"widget\" data-widget_type=\"text-editor.default\">\n\t\t\t\t\t\t\t\t\tLa nostra tasca no es limita al lliurament de documentaci\u00f3: oferim assessorament continu i <span style=\"color: #4b4b4b;\">solucions adaptades a la realitat de cada activitat.<\/span>\t\t\t\t\t\t\t\t<\/div>\n\t\t\t\t<\/div>\n\t\t\t\t\t<\/div>\n\t\t\t\t<\/div>\n\t\t\t\t<\/div>\n\t\t","protected":false},"excerpt":{"rendered":"<p>Protecci\u00f3 de dadesper a empreses i professionals Compliment del RGPD i de laLOPDGDD de manera clara,pr\u00e0ctica i adaptada a cada negoci. CONTACTE Ajudem empreses, aut\u00f2noms i organitzacions a complir la normativa de protecci\u00f3 de dades, reduint riscos legals i garantint una gesti\u00f3 segura i responsable de les dades personals.La nostra tasca no es limita al [&hellip;]<\/p>\n","protected":false},"author":1,"featured_media":0,"parent":0,"menu_order":0,"comment_status":"closed","ping_status":"closed","template":"elementor_header_footer","meta":{"footnotes":""},"class_list":["post-13","page","type-page","status-publish","hentry"],"_links":{"self":[{"href":"https:\/\/nostalgic-torvalds.217-160-227-206.plesk.page\/index.php\/wp-json\/wp\/v2\/pages\/13","targetHints":{"allow":["GET"]}}],"collection":[{"href":"https:\/\/nostalgic-torvalds.217-160-227-206.plesk.page\/index.php\/wp-json\/wp\/v2\/pages"}],"about":[{"href":"https:\/\/nostalgic-torvalds.217-160-227-206.plesk.page\/index.php\/wp-json\/wp\/v2\/types\/page"}],"author":[{"embeddable":true,"href":"https:\/\/nostalgic-torvalds.217-160-227-206.plesk.page\/index.php\/wp-json\/wp\/v2\/users\/1"}],"replies":[{"embeddable":true,"href":"https:\/\/nostalgic-torvalds.217-160-227-206.plesk.page\/index.php\/wp-json\/wp\/v2\/comments?post=13"}],"version-history":[{"count":103,"href":"https:\/\/nostalgic-torvalds.217-160-227-206.plesk.page\/index.php\/wp-json\/wp\/v2\/pages\/13\/revisions"}],"predecessor-version":[{"id":534,"href":"https:\/\/nostalgic-torvalds.217-160-227-206.plesk.page\/index.php\/wp-json\/wp\/v2\/pages\/13\/revisions\/534"}],"wp:attachment":[{"href":"https:\/\/nostalgic-torvalds.217-160-227-206.plesk.page\/index.php\/wp-json\/wp\/v2\/media?parent=13"}],"curies":[{"name":"wp","href":"https:\/\/api.w.org\/{rel}","templated":true}]}}